{"id":93,"date":"2023-01-28T17:13:18","date_gmt":"2023-01-28T21:13:18","guid":{"rendered":"https:\/\/modoccs.com\/main\/?page_id=93"},"modified":"2026-04-13T19:20:14","modified_gmt":"2026-04-13T23:20:14","slug":"politicas","status":"publish","type":"page","link":"https:\/\/modoccs.com\/main\/politicas\/","title":{"rendered":"Pol\u00edticas"},"content":{"rendered":"<p>[et_pb_section fb_built=\u00bb1&#8243; fullwidth=\u00bbon\u00bb _builder_version=\u00bb4.19.5&#8243; _module_preset=\u00bbdefault\u00bb global_module=\u00bb891&#8243; saved_tabs=\u00bball\u00bb global_colors_info=\u00bb{}\u00bb][et_pb_fullwidth_header title=\u00bb@ET-DC@eyJkeW5hbWljIjp0cnVlLCJjb250ZW50IjoicG9zdF90aXRsZSIsInNldHRpbmdzIjp7ImJlZm9yZSI6IiIsImFmdGVyIjoiIn19@\u00bb text_orientation=\u00bbcenter\u00bb _builder_version=\u00bb4.19.5&#8243; _dynamic_attributes=\u00bbtitle\u00bb _module_preset=\u00bbdefault\u00bb title_font=\u00bb|700|||||||\u00bb title_font_size=\u00bb50px\u00bb background_color=\u00bb#000000&#8243; global_colors_info=\u00bb{}\u00bb][\/et_pb_fullwidth_header][\/et_pb_section][et_pb_section fb_built=\u00bb1&#8243; _builder_version=\u00bb4.19.5&#8243; _module_preset=\u00bbdefault\u00bb global_colors_info=\u00bb{}\u00bb][et_pb_row make_equal=\u00bbon\u00bb _builder_version=\u00bb4.19.5&#8243; _module_preset=\u00bbdefault\u00bb width=\u00bb70%\u00bb max_width=\u00bb100%\u00bb global_colors_info=\u00bb{}\u00bb][et_pb_column type=\u00bb4_4&#8243; _builder_version=\u00bb4.19.5&#8243; _module_preset=\u00bbdefault\u00bb global_colors_info=\u00bb{}\u00bb][et_pb_text _builder_version=\u00bb4.23.1&#8243; _module_preset=\u00bbdefault\u00bb global_colors_info=\u00bb{}\u00bb]<\/p>\n<p style=\"text-align: justify;\"><span style=\"color: #000000;\"><span style=\"font-size: 14px;\">Toda persona tiene derecho a la protecci\u00f3n y al respeto de su honor, dignidad, moral y reputaci\u00f3n, sin distingo de su origen \u00e9tnico, origen nacional o rasgos del fenotipo. Se proh\u00edbe todo acto de discrminaci\u00f3n racial, racismo, endorracismo y de xenofobia, que tenga por objeto limitar o menoscabar el reconocimiento, goce y ejercicio de los derechos humanos y libertades de la persona o grupos de personas.<\/span><\/span><\/p>\n<p><b>RESERVA<\/b><\/p>\n<ul>\n<li style=\"font-weight: 400;\" aria-level=\"1\"><span style=\"font-weight: 400;\">Trabajamos por orden de llegada y bajo disponibilidad de la sala.<\/span><\/li>\n<li style=\"font-weight: 400;\" aria-level=\"1\"><span style=\"font-weight: 400;\">MoDo al tener un aforo limitado, se deben tomar previsiones con anticipaci\u00f3n para asegurar su mesa.<\/span><\/li>\n<li style=\"font-weight: 400;\" aria-level=\"1\"><span style=\"font-weight: 400;\">La reservaci\u00f3n tiene un tiempo de espera v\u00e1lido de 15 minutos despu\u00e9s de la hora reservada.<\/span><\/li>\n<li style=\"font-weight: 400;\" aria-level=\"1\"><span style=\"font-weight: 400;\">El cliente no reserva la mesa de su preferencia, reserva el MoDo que desea m\u00e1s no una mesa espec\u00edfica.<\/span><\/li>\n<li style=\"font-weight: 400;\" aria-level=\"1\"><span style=\"font-weight: 400;\">Puede escribir al Whatsapp de atenci\u00f3n al cliente cualquier duda que pueda surgir, y aca agregar el link de whatsapp +58 412-6173395<\/span>\u00a0<\/li>\n<\/ul>\n<p><span style=\"font-weight: 400;\">VESTIMENTA<\/span><\/p>\n<p><b>Los NO negociables<\/b><\/p>\n<p><span style=\"font-weight: 400;\">El uso de gorras no est\u00e1 permitido en el horario nocturno.<\/span><\/p>\n<p><b>Hombres:<\/b><\/p>\n<p><span style=\"font-weight: 400;\">\u2043 Es indispensable el uso de zapatos cerrados en el horario nocturno<\/span><\/p>\n<p><span style=\"font-weight: 400;\">\u2043 Es indispensable el uso de pantal\u00f3n largo en horario nocturno<\/span><\/p>\n<p><b>Mujeres:<\/b><\/p>\n<p><span style=\"font-weight: 400;\">\u2043 La vestimenta de las mujeres debe ser apropiada, siguiendo los valores de la empresa. No deben estimular la provocaci\u00f3n, tomando en cuenta que MoDo es para todas las edades.<\/span><\/p>\n<p><b>*Considerando el criterio de nuestro equipo, queda a juicio de protocolo y seguridad dar acceso o no al local.<\/b><\/p>\n<p>[\/et_pb_text][\/et_pb_column][\/et_pb_row][\/et_pb_section]<\/p>\n","protected":false},"excerpt":{"rendered":"<p>Toda persona tiene derecho a la protecci\u00f3n y al respeto de su honor, dignidad, moral y reputaci\u00f3n, sin distingo de su origen \u00e9tnico, origen nacional o rasgos del fenotipo. Se [&hellip;]<\/p>\n","protected":false},"author":1,"featured_media":0,"parent":0,"menu_order":0,"comment_status":"closed","ping_status":"closed","template":"","meta":{"_et_pb_use_builder":"on","_et_pb_old_content":"","_et_gb_content_width":"","footnotes":""},"class_list":["post-93","page","type-page","status-publish","hentry"],"yoast_head":"<!-- This site is optimized with the Yoast SEO plugin v27.4 - https:\/\/yoast.com\/product\/yoast-seo-wordpress\/ -->\n<title>Pol\u00edticas - MoDo<\/title>\n<meta name=\"robots\" content=\"index, follow, max-snippet:-1, max-image-preview:large, max-video-preview:-1\" \/>\n<link rel=\"canonical\" href=\"https:\/\/modoccs.com\/main\/politicas\/\" \/>\n<meta property=\"og:locale\" content=\"es_ES\" \/>\n<meta property=\"og:type\" content=\"article\" \/>\n<meta property=\"og:title\" content=\"Pol\u00edticas - MoDo\" \/>\n<meta property=\"og:description\" content=\"Toda persona tiene derecho a la protecci\u00f3n y al respeto de su honor, dignidad, moral y reputaci\u00f3n, sin distingo de su origen \u00e9tnico, origen nacional o rasgos del fenotipo. Se [&hellip;]\" \/>\n<meta property=\"og:url\" content=\"https:\/\/modoccs.com\/main\/politicas\/\" \/>\n<meta property=\"og:site_name\" content=\"MoDo\" \/>\n<meta property=\"article:publisher\" content=\"https:\/\/www.facebook.com\/MoDoCCS\/\" \/>\n<meta property=\"article:modified_time\" content=\"2026-04-13T23:20:14+00:00\" \/>\n<meta property=\"og:image\" content=\"https:\/\/modoccs.com\/main\/wp-content\/uploads\/2023\/03\/cropped-Favicon.png\" \/>\n\t<meta property=\"og:image:width\" content=\"512\" \/>\n\t<meta property=\"og:image:height\" content=\"512\" \/>\n\t<meta property=\"og:image:type\" content=\"image\/png\" \/>\n<meta name=\"twitter:card\" content=\"summary_large_image\" \/>\n<meta name=\"twitter:site\" content=\"@modoccs\" \/>\n<meta name=\"twitter:label1\" content=\"Tiempo estimado de lectura\" \/>\n\t<meta name=\"twitter:data1\" content=\"2 minutos\" \/>\n<script type=\"application\/ld+json\" class=\"yoast-schema-graph\">{\"@context\":\"https:\\\/\\\/schema.org\",\"@graph\":[{\"@type\":\"WebPage\",\"@id\":\"https:\\\/\\\/modoccs.com\\\/main\\\/politicas\\\/\",\"url\":\"https:\\\/\\\/modoccs.com\\\/main\\\/politicas\\\/\",\"name\":\"Pol\u00edticas - MoDo\",\"isPartOf\":{\"@id\":\"https:\\\/\\\/modoccs.com\\\/main\\\/#website\"},\"datePublished\":\"2023-01-28T21:13:18+00:00\",\"dateModified\":\"2026-04-13T23:20:14+00:00\",\"breadcrumb\":{\"@id\":\"https:\\\/\\\/modoccs.com\\\/main\\\/politicas\\\/#breadcrumb\"},\"inLanguage\":\"es\",\"potentialAction\":[{\"@type\":\"ReadAction\",\"target\":[\"https:\\\/\\\/modoccs.com\\\/main\\\/politicas\\\/\"]}]},{\"@type\":\"BreadcrumbList\",\"@id\":\"https:\\\/\\\/modoccs.com\\\/main\\\/politicas\\\/#breadcrumb\",\"itemListElement\":[{\"@type\":\"ListItem\",\"position\":1,\"name\":\"Portada\",\"item\":\"https:\\\/\\\/modoccs.com\\\/main\\\/\"},{\"@type\":\"ListItem\",\"position\":2,\"name\":\"Pol\u00edticas\"}]},{\"@type\":\"WebSite\",\"@id\":\"https:\\\/\\\/modoccs.com\\\/main\\\/#website\",\"url\":\"https:\\\/\\\/modoccs.com\\\/main\\\/\",\"name\":\"Modo\",\"description\":\"Gastronom\u00eda y Entretenimiento\",\"publisher\":{\"@id\":\"https:\\\/\\\/modoccs.com\\\/main\\\/#organization\"},\"alternateName\":\"Modo Caracas\",\"potentialAction\":[{\"@type\":\"SearchAction\",\"target\":{\"@type\":\"EntryPoint\",\"urlTemplate\":\"https:\\\/\\\/modoccs.com\\\/main\\\/?s={search_term_string}\"},\"query-input\":{\"@type\":\"PropertyValueSpecification\",\"valueRequired\":true,\"valueName\":\"search_term_string\"}}],\"inLanguage\":\"es\"},{\"@type\":\"Organization\",\"@id\":\"https:\\\/\\\/modoccs.com\\\/main\\\/#organization\",\"name\":\"MoDo\",\"alternateName\":\"MoDo Caracas\",\"url\":\"https:\\\/\\\/modoccs.com\\\/main\\\/\",\"logo\":{\"@type\":\"ImageObject\",\"inLanguage\":\"es\",\"@id\":\"https:\\\/\\\/modoccs.com\\\/main\\\/#\\\/schema\\\/logo\\\/image\\\/\",\"url\":\"https:\\\/\\\/modoccs.com\\\/main\\\/wp-content\\\/uploads\\\/2023\\\/03\\\/cropped-Favicon.png\",\"contentUrl\":\"https:\\\/\\\/modoccs.com\\\/main\\\/wp-content\\\/uploads\\\/2023\\\/03\\\/cropped-Favicon.png\",\"width\":512,\"height\":512,\"caption\":\"MoDo\"},\"image\":{\"@id\":\"https:\\\/\\\/modoccs.com\\\/main\\\/#\\\/schema\\\/logo\\\/image\\\/\"},\"sameAs\":[\"https:\\\/\\\/www.facebook.com\\\/MoDoCCS\\\/\",\"https:\\\/\\\/x.com\\\/modoccs\",\"https:\\\/\\\/www.instagram.com\\\/modoccs\\\/\",\"https:\\\/\\\/www.youtube.com\\\/@modoccs4778\\\/videos\",\"https:\\\/\\\/twitter.com\\\/MoDoCcs\"]}]}<\/script>\n<!-- \/ Yoast SEO plugin. -->","yoast_head_json":{"title":"Pol\u00edticas - MoDo","robots":{"index":"index","follow":"follow","max-snippet":"max-snippet:-1","max-image-preview":"max-image-preview:large","max-video-preview":"max-video-preview:-1"},"canonical":"https:\/\/modoccs.com\/main\/politicas\/","og_locale":"es_ES","og_type":"article","og_title":"Pol\u00edticas - MoDo","og_description":"Toda persona tiene derecho a la protecci\u00f3n y al respeto de su honor, dignidad, moral y reputaci\u00f3n, sin distingo de su origen \u00e9tnico, origen nacional o rasgos del fenotipo. Se [&hellip;]","og_url":"https:\/\/modoccs.com\/main\/politicas\/","og_site_name":"MoDo","article_publisher":"https:\/\/www.facebook.com\/MoDoCCS\/","article_modified_time":"2026-04-13T23:20:14+00:00","og_image":[{"width":512,"height":512,"url":"https:\/\/modoccs.com\/main\/wp-content\/uploads\/2023\/03\/cropped-Favicon.png","type":"image\/png"}],"twitter_card":"summary_large_image","twitter_site":"@modoccs","twitter_misc":{"Tiempo estimado de lectura":"2 minutos"},"schema":{"@context":"https:\/\/schema.org","@graph":[{"@type":"WebPage","@id":"https:\/\/modoccs.com\/main\/politicas\/","url":"https:\/\/modoccs.com\/main\/politicas\/","name":"Pol\u00edticas - MoDo","isPartOf":{"@id":"https:\/\/modoccs.com\/main\/#website"},"datePublished":"2023-01-28T21:13:18+00:00","dateModified":"2026-04-13T23:20:14+00:00","breadcrumb":{"@id":"https:\/\/modoccs.com\/main\/politicas\/#breadcrumb"},"inLanguage":"es","potentialAction":[{"@type":"ReadAction","target":["https:\/\/modoccs.com\/main\/politicas\/"]}]},{"@type":"BreadcrumbList","@id":"https:\/\/modoccs.com\/main\/politicas\/#breadcrumb","itemListElement":[{"@type":"ListItem","position":1,"name":"Portada","item":"https:\/\/modoccs.com\/main\/"},{"@type":"ListItem","position":2,"name":"Pol\u00edticas"}]},{"@type":"WebSite","@id":"https:\/\/modoccs.com\/main\/#website","url":"https:\/\/modoccs.com\/main\/","name":"Modo","description":"Gastronom\u00eda y Entretenimiento","publisher":{"@id":"https:\/\/modoccs.com\/main\/#organization"},"alternateName":"Modo Caracas","potentialAction":[{"@type":"SearchAction","target":{"@type":"EntryPoint","urlTemplate":"https:\/\/modoccs.com\/main\/?s={search_term_string}"},"query-input":{"@type":"PropertyValueSpecification","valueRequired":true,"valueName":"search_term_string"}}],"inLanguage":"es"},{"@type":"Organization","@id":"https:\/\/modoccs.com\/main\/#organization","name":"MoDo","alternateName":"MoDo Caracas","url":"https:\/\/modoccs.com\/main\/","logo":{"@type":"ImageObject","inLanguage":"es","@id":"https:\/\/modoccs.com\/main\/#\/schema\/logo\/image\/","url":"https:\/\/modoccs.com\/main\/wp-content\/uploads\/2023\/03\/cropped-Favicon.png","contentUrl":"https:\/\/modoccs.com\/main\/wp-content\/uploads\/2023\/03\/cropped-Favicon.png","width":512,"height":512,"caption":"MoDo"},"image":{"@id":"https:\/\/modoccs.com\/main\/#\/schema\/logo\/image\/"},"sameAs":["https:\/\/www.facebook.com\/MoDoCCS\/","https:\/\/x.com\/modoccs","https:\/\/www.instagram.com\/modoccs\/","https:\/\/www.youtube.com\/@modoccs4778\/videos","https:\/\/twitter.com\/MoDoCcs"]}]}},"_links":{"self":[{"href":"https:\/\/modoccs.com\/main\/wp-json\/wp\/v2\/pages\/93","targetHints":{"allow":["GET"]}}],"collection":[{"href":"https:\/\/modoccs.com\/main\/wp-json\/wp\/v2\/pages"}],"about":[{"href":"https:\/\/modoccs.com\/main\/wp-json\/wp\/v2\/types\/page"}],"author":[{"embeddable":true,"href":"https:\/\/modoccs.com\/main\/wp-json\/wp\/v2\/users\/1"}],"replies":[{"embeddable":true,"href":"https:\/\/modoccs.com\/main\/wp-json\/wp\/v2\/comments?post=93"}],"version-history":[{"count":12,"href":"https:\/\/modoccs.com\/main\/wp-json\/wp\/v2\/pages\/93\/revisions"}],"predecessor-version":[{"id":5668,"href":"https:\/\/modoccs.com\/main\/wp-json\/wp\/v2\/pages\/93\/revisions\/5668"}],"wp:attachment":[{"href":"https:\/\/modoccs.com\/main\/wp-json\/wp\/v2\/media?parent=93"}],"curies":[{"name":"wp","href":"https:\/\/api.w.org\/{rel}","templated":true}]}}